{"id":3,"date":"2025-09-16T07:55:16","date_gmt":"2025-09-16T07:55:16","guid":{"rendered":"https:\/\/hklabo.com\/?page_id=3"},"modified":"2026-01-01T08:27:29","modified_gmt":"2026-01-01T08:27:29","slug":"privacy-policy","status":"publish","type":"page","link":"https:\/\/hklabo.com\/","title":{"rendered":"HOME"},"content":{"rendered":"\t\t<div data-elementor-type=\"wp-page\" data-elementor-id=\"3\" class=\"elementor elementor-3\">\n\t\t\t\t<div class=\"elementor-element elementor-element-c9c8145 e-flex e-con-boxed e-con e-parent\" data-id=\"c9c8145\" data-element_type=\"container\" data-e-type=\"container\">\n\t\t\t\t\t<div class=\"e-con-inner\">\n\t\t\t\t<div class=\"elementor-element elementor-element-4976b2f elementor-widget elementor-widget-text-editor\" data-id=\"4976b2f\" data-element_type=\"widget\" data-e-type=\"widget\" data-widget_type=\"text-editor.default\">\n\t\t\t\t\t\t\t\t\t<h2><img decoding=\"async\" class=\"alignnone size-medium wp-image-178\" src=\"https:\/\/hklabo.com\/wp-content\/uploads\/2025\/09\/WhatsApp_Image_2025-09-21_at_11.28.12-removebg-preview-1-300x163.png\" alt=\"\" width=\"300\" height=\"163\" srcset=\"https:\/\/hklabo.com\/wp-content\/uploads\/2025\/09\/WhatsApp_Image_2025-09-21_at_11.28.12-removebg-preview-1-300x163.png 300w, https:\/\/hklabo.com\/wp-content\/uploads\/2025\/09\/WhatsApp_Image_2025-09-21_at_11.28.12-removebg-preview-1.png 678w\" sizes=\"(max-width: 300px) 100vw, 300px\" \/>&nbsp;<\/h2>\n<h2><strong>Pr\u00e9sentation de HK Labo<\/strong><\/h2>\n<div>&nbsp;<\/div>\n<h3>&#8211; HK Labo est une soci\u00e9t\u00e9 sp\u00e9cialis\u00e9e dans la fourniture de solutions compl\u00e8tes pour les laboratoires, r\u00e9pondant aux besoins des secteurs industriel, scientifique, \u00e9ducatif et de recherche.<\/h3>\n<h3>-Nous proposons une large gamme de produits chimiques, de mat\u00e9riel de laboratoire et de consommables, soigneusement s\u00e9lectionn\u00e9s pour garantir qualit\u00e9, fiabilit\u00e9 et conformit\u00e9 aux normes en vigueur.<\/h3>\n<h3>&#8211; En plus de la distribution, HK Labo assure des services de maintenance, d\u2019entretien et de r\u00e9paration du mat\u00e9riel de laboratoire, afin d\u2019accompagner durablement ses clients et d\u2019optimiser la performance de leurs \u00e9quipements.<\/h3>\n<h3>&#8211; Gr\u00e2ce \u00e0 notre expertise, notre r\u00e9activit\u00e9 et notre engagement envers la satisfaction client, HK Labo se positionne comme un partenaire de confiance pour tous vos besoins en laboratoire.<\/h3>\n<h3>Nos activit\u00e9s<\/h3>\n<h3>Produits chimiques<\/h3>\n<h3>Mat\u00e9riel de laboratoire<\/h3>\n<h3>Consommables de laboratoire<\/h3>\n<h3>Maintenance et r\u00e9paration du mat\u00e9riel<\/h3>\t\t\t\t\t\t\t\t<\/div>\n\t\t\t\t\t<\/div>\n\t\t\t\t<\/div>\n\t\t<div class=\"elementor-element elementor-element-188ba0a e-flex e-con-boxed e-con e-parent\" data-id=\"188ba0a\" data-element_type=\"container\" data-e-type=\"container\">\n\t\t\t\t\t<div class=\"e-con-inner\">\n\t\t\t\t<div class=\"elementor-element elementor-element-77352b9 elementor-widget elementor-widget-heading\" data-id=\"77352b9\" data-element_type=\"widget\" data-e-type=\"widget\" data-widget_type=\"heading.default\">\n\t\t\t\t\t<h2 class=\"elementor-heading-title elementor-size-default\"><h2 style=\"margin-right: 0px;margin-bottom: 0px;margin-left: 0px;padding: 0px 0px 10px;border: 0px;font-size: 40px;vertical-align: baseline;background-image: initial;background-position: initial;background-size: initial;background-repeat: initial;background-attachment: initial;line-height: 1.4em;, Helvetica, Arial, Lucida, sans-serif;text-align: center;letter-spacing: normal\"><b>Nos best-sellers<\/b><\/h2><\/h2>\t\t\t\t<\/div>\n\t\t\t\t\t<\/div>\n\t\t\t\t<\/div>\n\t\t<div class=\"elementor-element elementor-element-a8529a0 e-grid e-con-boxed e-con e-parent\" data-id=\"a8529a0\" data-element_type=\"container\" data-e-type=\"container\">\n\t\t\t\t\t<div class=\"e-con-inner\">\n\t\t\t\t<div class=\"elementor-element elementor-element-26aaf82 elementor-widget elementor-widget-text-editor\" data-id=\"26aaf82\" data-element_type=\"widget\" data-e-type=\"widget\" data-widget_type=\"text-editor.default\">\n\t\t\t\t\t\t\t\t\t<h3 class=\"et_pb_module_header\"><img fetchpriority=\"high\" decoding=\"async\" class=\"alignnone size-medium wp-image-1502\" src=\"https:\/\/hklabo.com\/wp-content\/uploads\/2026\/01\/WhatsApp_Image_2026-01-01_at_08.49.43-removebg-preview-222x300.png\" alt=\"\" width=\"222\" height=\"300\" srcset=\"https:\/\/hklabo.com\/wp-content\/uploads\/2026\/01\/WhatsApp_Image_2026-01-01_at_08.49.43-removebg-preview-222x300.png 222w, https:\/\/hklabo.com\/wp-content\/uploads\/2026\/01\/WhatsApp_Image_2026-01-01_at_08.49.43-removebg-preview.png 430w\" sizes=\"(max-width: 222px) 100vw, 222px\" \/><\/h3><h4 class=\"et_pb_module_header\">Forced Air Drying Oven<\/h4><p><a href=\"https:\/\/hklabo.com\/index.php\/forced-air-drying-oven\/\">T\u00e9l\u00e9charger la brochure<\/a><\/p>\t\t\t\t\t\t\t\t<\/div>\n\t\t\t\t<div class=\"elementor-element elementor-element-c2a3029 elementor-widget elementor-widget-text-editor\" data-id=\"c2a3029\" data-element_type=\"widget\" data-e-type=\"widget\" data-widget_type=\"text-editor.default\">\n\t\t\t\t\t\t\t\t\t<h3 class=\"et_pb_module_header\"><img decoding=\"async\" class=\"wp-image-1501 aligncenter\" src=\"https:\/\/hklabo.com\/wp-content\/uploads\/2026\/01\/WhatsApp_Image_2026-01-01_at_08.50.08-removebg-preview-300x241.png\" alt=\"\" width=\"394\" height=\"317\" srcset=\"https:\/\/hklabo.com\/wp-content\/uploads\/2026\/01\/WhatsApp_Image_2026-01-01_at_08.50.08-removebg-preview-300x241.png 300w, https:\/\/hklabo.com\/wp-content\/uploads\/2026\/01\/WhatsApp_Image_2026-01-01_at_08.50.08-removebg-preview.png 557w\" sizes=\"(max-width: 394px) 100vw, 394px\" \/><\/h3><h3 class=\"et_pb_module_header\">UV-Vis Spectrophotometer<\/h3><p><a href=\"https:\/\/hklabo.com\/index.php\/uv-vis-spectrophotometer\/\">T\u00e9l\u00e9charger la brochure<\/a><\/p>\t\t\t\t\t\t\t\t<\/div>\n\t\t\t\t<div class=\"elementor-element elementor-element-45a7874 elementor-widget elementor-widget-text-editor\" data-id=\"45a7874\" data-element_type=\"widget\" data-e-type=\"widget\" data-widget_type=\"text-editor.default\">\n\t\t\t\t\t\t\t\t\t<h3 class=\"et_pb_module_header\"><img loading=\"lazy\" decoding=\"async\" class=\"wp-image-1499 aligncenter\" src=\"https:\/\/hklabo.com\/wp-content\/uploads\/2026\/01\/WhatsApp_Image_2026-01-01_at_08.48.11-removebg-preview-133x300.png\" alt=\"\" width=\"110\" height=\"248\" srcset=\"https:\/\/hklabo.com\/wp-content\/uploads\/2026\/01\/WhatsApp_Image_2026-01-01_at_08.48.11-removebg-preview-133x300.png 133w, https:\/\/hklabo.com\/wp-content\/uploads\/2026\/01\/WhatsApp_Image_2026-01-01_at_08.48.11-removebg-preview.png 332w\" sizes=\"(max-width: 110px) 100vw, 110px\" \/><\/h3><h3>\u00a0<\/h3><h3 class=\"et_pb_module_header\">HRLM-80<\/h3><p><a href=\"https:\/\/hklabo.com\/index.php\/hrlm-80\/\">T\u00e9l\u00e9charger la brochure<\/a><\/p>\t\t\t\t\t\t\t\t<\/div>\n\t\t\t\t\t<\/div>\n\t\t\t\t<\/div>\n\t\t<div class=\"elementor-element elementor-element-078f624 e-flex e-con-boxed e-con e-parent\" data-id=\"078f624\" data-element_type=\"container\" data-e-type=\"container\">\n\t\t\t\t\t<div class=\"e-con-inner\">\n\t\t\t\t<div class=\"elementor-element elementor-element-9153dd1 elementor-align-center elementor-widget elementor-widget-button\" data-id=\"9153dd1\" data-element_type=\"widget\" data-e-type=\"widget\" data-widget_type=\"button.default\">\n\t\t\t\t\t\t\t\t\t\t<a class=\"elementor-button elementor-button-link elementor-size-sm\" href=\"#\">\n\t\t\t\t\t\t<span class=\"elementor-button-content-wrapper\">\n\t\t\t\t\t\t\t\t\t<span class=\"elementor-button-text\">Tous les produits<\/span>\n\t\t\t\t\t<\/span>\n\t\t\t\t\t<\/a>\n\t\t\t\t\t\t\t\t<\/div>\n\t\t\t\t\t<\/div>\n\t\t\t\t<\/div>\n\t\t<div class=\"elementor-element elementor-element-95b8229 e-flex e-con-boxed e-con e-parent\" data-id=\"95b8229\" data-element_type=\"container\" data-e-type=\"container\">\n\t\t\t\t\t<div class=\"e-con-inner\">\n\t\t\t\t<div class=\"elementor-element elementor-element-79c5b57 elementor-widget elementor-widget-heading\" data-id=\"79c5b57\" data-element_type=\"widget\" data-e-type=\"widget\" data-widget_type=\"heading.default\">\n\t\t\t\t\t<h2 class=\"elementor-heading-title elementor-size-default\"><b>NOTRE RESEAU DE PARTENAIRES<\/b><\/h2>\t\t\t\t<\/div>\n\t\t\t\t\t<\/div>\n\t\t\t\t<\/div>\n\t\t<div class=\"elementor-element elementor-element-02d7a70 e-flex e-con-boxed e-con e-parent\" data-id=\"02d7a70\" data-element_type=\"container\" data-e-type=\"container\">\n\t\t\t\t\t<div class=\"e-con-inner\">\n\t\t\t\t<div class=\"elementor-element elementor-element-8485d70 elementor-widget elementor-widget-heading\" data-id=\"8485d70\" data-element_type=\"widget\" data-e-type=\"widget\" data-widget_type=\"heading.default\">\n\t\t\t\t\t<h2 class=\"elementor-heading-title elementor-size-default\"><b>+40 marques leaders repr\u00e9sent\u00e9es<\/b><\/h2>\t\t\t\t<\/div>\n\t\t\t\t\t<\/div>\n\t\t\t\t<\/div>\n\t\t<div class=\"elementor-element elementor-element-fc3af38 e-flex e-con-boxed e-con e-parent\" data-id=\"fc3af38\" data-element_type=\"container\" data-e-type=\"container\">\n\t\t\t\t\t<div class=\"e-con-inner\">\n\t\t\t\t<div class=\"elementor-element elementor-element-8c1750c elementor-arrows-position-outside elementor-pagination-position-inside elementor-widget elementor-widget-image-carousel\" data-id=\"8c1750c\" data-element_type=\"widget\" data-e-type=\"widget\" data-settings=\"{&quot;slides_to_show&quot;:&quot;5&quot;,&quot;navigation&quot;:&quot;both&quot;,&quot;autoplay&quot;:&quot;yes&quot;,&quot;pause_on_hover&quot;:&quot;yes&quot;,&quot;pause_on_interaction&quot;:&quot;yes&quot;,&quot;autoplay_speed&quot;:5000,&quot;infinite&quot;:&quot;yes&quot;,&quot;speed&quot;:500}\" data-widget_type=\"image-carousel.default\">\n\t\t\t\t\t\t\t<div class=\"elementor-image-carousel-wrapper swiper\" role=\"region\" aria-roledescription=\"carousel\" aria-label=\"Carrousel d\u2019images\" dir=\"ltr\">\n\t\t\t<div class=\"elementor-image-carousel swiper-wrapper\" aria-live=\"off\">\n\t\t\t\t\t\t\t\t<div class=\"swiper-slide\" role=\"group\" aria-roledescription=\"slide\" aria-label=\"1 sur 44\"><figure class=\"swiper-slide-inner\"><img decoding=\"async\" class=\"swiper-slide-image\" src=\"https:\/\/hklabo.com\/wp-content\/uploads\/2025\/09\/Logo-ADWA-22-1.jpg\" alt=\"Logo-ADWA-22\" \/><\/figure><\/div><div class=\"swiper-slide\" role=\"group\" aria-roledescription=\"slide\" aria-label=\"2 sur 44\"><figure class=\"swiper-slide-inner\"><img decoding=\"async\" class=\"swiper-slide-image\" src=\"https:\/\/hklabo.com\/wp-content\/uploads\/2025\/09\/Logo-AMETEK-1.png\" alt=\"Logo-AMETEK\" \/><\/figure><\/div><div class=\"swiper-slide\" role=\"group\" aria-roledescription=\"slide\" aria-label=\"3 sur 44\"><figure class=\"swiper-slide-inner\"><img decoding=\"async\" class=\"swiper-slide-image\" src=\"https:\/\/hklabo.com\/wp-content\/uploads\/2025\/09\/Logo-ARCO-22-1.jpg\" alt=\"Logo-ARCO-22\" \/><\/figure><\/div><div class=\"swiper-slide\" role=\"group\" aria-roledescription=\"slide\" aria-label=\"4 sur 44\"><figure class=\"swiper-slide-inner\"><img decoding=\"async\" class=\"swiper-slide-image\" src=\"https:\/\/hklabo.com\/wp-content\/uploads\/2025\/09\/Logo-ASECOS-22-1.jpg\" alt=\"Logo-ASECOS-22\" \/><\/figure><\/div><div class=\"swiper-slide\" role=\"group\" aria-roledescription=\"slide\" aria-label=\"5 sur 44\"><figure class=\"swiper-slide-inner\"><img decoding=\"async\" class=\"swiper-slide-image\" src=\"https:\/\/hklabo.com\/wp-content\/uploads\/2025\/09\/Logo-ATAGO-1.png\" alt=\"Logo-ATAGO\" \/><\/figure><\/div><div class=\"swiper-slide\" role=\"group\" aria-roledescription=\"slide\" aria-label=\"6 sur 44\"><figure class=\"swiper-slide-inner\"><img decoding=\"async\" class=\"swiper-slide-image\" src=\"https:\/\/hklabo.com\/wp-content\/uploads\/2025\/09\/Logo-BIBBY-22-1.jpg\" alt=\"Logo-BIBBY-22\" \/><\/figure><\/div><div class=\"swiper-slide\" role=\"group\" aria-roledescription=\"slide\" aria-label=\"7 sur 44\"><figure class=\"swiper-slide-inner\"><img decoding=\"async\" class=\"swiper-slide-image\" src=\"https:\/\/hklabo.com\/wp-content\/uploads\/2025\/09\/Logo-HETTICH-22-1.jpg\" alt=\"Logo-HETTICH-22\" \/><\/figure><\/div><div class=\"swiper-slide\" role=\"group\" aria-roledescription=\"slide\" aria-label=\"8 sur 44\"><figure class=\"swiper-slide-inner\"><img decoding=\"async\" class=\"swiper-slide-image\" src=\"https:\/\/hklabo.com\/wp-content\/uploads\/2025\/09\/Logo-JULABO-22-1.jpg\" alt=\"Logo-JULABO-22\" \/><\/figure><\/div><div class=\"swiper-slide\" role=\"group\" aria-roledescription=\"slide\" aria-label=\"9 sur 44\"><figure class=\"swiper-slide-inner\"><img decoding=\"async\" class=\"swiper-slide-image\" src=\"https:\/\/hklabo.com\/wp-content\/uploads\/2025\/09\/Logo-KARTELL-22-1.jpg\" alt=\"Logo-KARTELL-22\" \/><\/figure><\/div><div class=\"swiper-slide\" role=\"group\" aria-roledescription=\"slide\" aria-label=\"10 sur 44\"><figure class=\"swiper-slide-inner\"><img decoding=\"async\" class=\"swiper-slide-image\" src=\"https:\/\/hklabo.com\/wp-content\/uploads\/2025\/09\/Logo-KLAB-22-1.jpg\" alt=\"Logo-KLAB-22\" \/><\/figure><\/div><div class=\"swiper-slide\" role=\"group\" aria-roledescription=\"slide\" aria-label=\"11 sur 44\"><figure class=\"swiper-slide-inner\"><img decoding=\"async\" class=\"swiper-slide-image\" src=\"https:\/\/hklabo.com\/wp-content\/uploads\/2025\/09\/Logo-KNF-22-1.jpg\" alt=\"Logo-KNF-22\" \/><\/figure><\/div><div class=\"swiper-slide\" role=\"group\" aria-roledescription=\"slide\" aria-label=\"12 sur 44\"><figure class=\"swiper-slide-inner\"><img decoding=\"async\" class=\"swiper-slide-image\" src=\"https:\/\/hklabo.com\/wp-content\/uploads\/2025\/09\/Logo-KONICA-1.png\" alt=\"Logo-KONICA\" \/><\/figure><\/div><div class=\"swiper-slide\" role=\"group\" aria-roledescription=\"slide\" aria-label=\"13 sur 44\"><figure class=\"swiper-slide-inner\"><img decoding=\"async\" class=\"swiper-slide-image\" src=\"https:\/\/hklabo.com\/wp-content\/uploads\/2025\/09\/Logo-KOTTERMAN-1.png\" alt=\"Logo-KOTTERMAN\" \/><\/figure><\/div><div class=\"swiper-slide\" role=\"group\" aria-roledescription=\"slide\" aria-label=\"14 sur 44\"><figure class=\"swiper-slide-inner\"><img decoding=\"async\" class=\"swiper-slide-image\" src=\"https:\/\/hklabo.com\/wp-content\/uploads\/2025\/09\/Logo-LABCONCO-1.png\" alt=\"Logo-LABCONCO\" \/><\/figure><\/div><div class=\"swiper-slide\" role=\"group\" aria-roledescription=\"slide\" aria-label=\"15 sur 44\"><figure class=\"swiper-slide-inner\"><img decoding=\"async\" class=\"swiper-slide-image\" src=\"https:\/\/hklabo.com\/wp-content\/uploads\/2025\/09\/Logo-LABTECH-22-1.jpg\" alt=\"Logo-LABTECH-22\" \/><\/figure><\/div><div class=\"swiper-slide\" role=\"group\" aria-roledescription=\"slide\" aria-label=\"16 sur 44\"><figure class=\"swiper-slide-inner\"><img decoding=\"async\" class=\"swiper-slide-image\" src=\"https:\/\/hklabo.com\/wp-content\/uploads\/2025\/09\/Logo-LAUDA-22-1.jpg\" alt=\"Logo-LAUDA-22\" \/><\/figure><\/div><div class=\"swiper-slide\" role=\"group\" aria-roledescription=\"slide\" aria-label=\"17 sur 44\"><figure class=\"swiper-slide-inner\"><img decoding=\"async\" class=\"swiper-slide-image\" src=\"https:\/\/hklabo.com\/wp-content\/uploads\/2025\/09\/Logo-LIEBHERR-22-1.jpg\" alt=\"Logo-LIEBHERR-22\" \/><\/figure><\/div><div class=\"swiper-slide\" role=\"group\" aria-roledescription=\"slide\" aria-label=\"18 sur 44\"><figure class=\"swiper-slide-inner\"><img decoding=\"async\" class=\"swiper-slide-image\" src=\"https:\/\/hklabo.com\/wp-content\/uploads\/2025\/09\/Logo-LOBACHEMIE-22-1.jpg\" alt=\"Logo-LOBACHEMIE-22\" \/><\/figure><\/div><div class=\"swiper-slide\" role=\"group\" aria-roledescription=\"slide\" aria-label=\"19 sur 44\"><figure class=\"swiper-slide-inner\"><img decoding=\"async\" class=\"swiper-slide-image\" src=\"https:\/\/hklabo.com\/wp-content\/uploads\/2025\/09\/Logo-MADELECS-1.png\" alt=\"Logo-MADELECS\" \/><\/figure><\/div><div class=\"swiper-slide\" role=\"group\" aria-roledescription=\"slide\" aria-label=\"20 sur 44\"><figure class=\"swiper-slide-inner\"><img decoding=\"async\" class=\"swiper-slide-image\" src=\"https:\/\/hklabo.com\/wp-content\/uploads\/2025\/09\/Logo-MEMMERT-22-1.jpg\" alt=\"Logo-MEMMERT-22\" \/><\/figure><\/div><div class=\"swiper-slide\" role=\"group\" aria-roledescription=\"slide\" aria-label=\"21 sur 44\"><figure class=\"swiper-slide-inner\"><img decoding=\"async\" class=\"swiper-slide-image\" src=\"https:\/\/hklabo.com\/wp-content\/uploads\/2025\/09\/Logo-MERCK-22-1.jpg\" alt=\"Logo-MERCK-22\" \/><\/figure><\/div><div class=\"swiper-slide\" role=\"group\" aria-roledescription=\"slide\" aria-label=\"22 sur 44\"><figure class=\"swiper-slide-inner\"><img decoding=\"async\" class=\"swiper-slide-image\" src=\"https:\/\/hklabo.com\/wp-content\/uploads\/2025\/09\/Logo-MERCK-MILLIPORE-1.png\" alt=\"Logo-MERCK-MILLIPORE\" \/><\/figure><\/div><div class=\"swiper-slide\" role=\"group\" aria-roledescription=\"slide\" aria-label=\"23 sur 44\"><figure class=\"swiper-slide-inner\"><img decoding=\"async\" class=\"swiper-slide-image\" src=\"https:\/\/hklabo.com\/wp-content\/uploads\/2025\/09\/Logo-MICROTRAC-1.png\" alt=\"Logo-MICROTRAC\" \/><\/figure><\/div><div class=\"swiper-slide\" role=\"group\" aria-roledescription=\"slide\" aria-label=\"24 sur 44\"><figure class=\"swiper-slide-inner\"><img decoding=\"async\" class=\"swiper-slide-image\" src=\"https:\/\/hklabo.com\/wp-content\/uploads\/2025\/09\/Logo-MIELE-22-1.jpg\" alt=\"Logo-MIELE-22\" \/><\/figure><\/div><div class=\"swiper-slide\" role=\"group\" aria-roledescription=\"slide\" aria-label=\"25 sur 44\"><figure class=\"swiper-slide-inner\"><img decoding=\"async\" class=\"swiper-slide-image\" src=\"https:\/\/hklabo.com\/wp-content\/uploads\/2025\/09\/Logo-MILKOTESTER-22-1.jpg\" alt=\"Logo-MILKOTESTER-22\" \/><\/figure><\/div><div class=\"swiper-slide\" role=\"group\" aria-roledescription=\"slide\" aria-label=\"26 sur 44\"><figure class=\"swiper-slide-inner\"><img decoding=\"async\" class=\"swiper-slide-image\" src=\"https:\/\/hklabo.com\/wp-content\/uploads\/2025\/09\/Logo-MILLIPORE-22-1.jpg\" alt=\"Logo-MILLIPORE-22\" \/><\/figure><\/div><div class=\"swiper-slide\" role=\"group\" aria-roledescription=\"slide\" aria-label=\"27 sur 44\"><figure class=\"swiper-slide-inner\"><img decoding=\"async\" class=\"swiper-slide-image\" src=\"https:\/\/hklabo.com\/wp-content\/uploads\/2025\/09\/Logo-NABERTHERM-22-1.jpg\" alt=\"Logo-NABERTHERM-22\" \/><\/figure><\/div><div class=\"swiper-slide\" role=\"group\" aria-roledescription=\"slide\" aria-label=\"28 sur 44\"><figure class=\"swiper-slide-inner\"><img decoding=\"async\" class=\"swiper-slide-image\" src=\"https:\/\/hklabo.com\/wp-content\/uploads\/2025\/09\/Logo-OGUSSA-22-1.jpg\" alt=\"Logo-OGUSSA-22\" \/><\/figure><\/div><div class=\"swiper-slide\" role=\"group\" aria-roledescription=\"slide\" aria-label=\"29 sur 44\"><figure class=\"swiper-slide-inner\"><img decoding=\"async\" class=\"swiper-slide-image\" src=\"https:\/\/hklabo.com\/wp-content\/uploads\/2025\/09\/Logo-OHAUS-22-1.jpg\" alt=\"Logo-OHAUS-22\" \/><\/figure><\/div><div class=\"swiper-slide\" role=\"group\" aria-roledescription=\"slide\" aria-label=\"30 sur 44\"><figure class=\"swiper-slide-inner\"><img decoding=\"async\" class=\"swiper-slide-image\" src=\"https:\/\/hklabo.com\/wp-content\/uploads\/2025\/09\/Logo-OPTOMEC-1.png\" alt=\"Logo-OPTOMEC\" \/><\/figure><\/div><div class=\"swiper-slide\" role=\"group\" aria-roledescription=\"slide\" aria-label=\"31 sur 44\"><figure class=\"swiper-slide-inner\"><img decoding=\"async\" class=\"swiper-slide-image\" src=\"https:\/\/hklabo.com\/wp-content\/uploads\/2025\/09\/Logo-RAYPA-22-1.jpg\" alt=\"Logo-RAYPA-22\" \/><\/figure><\/div><div class=\"swiper-slide\" role=\"group\" aria-roledescription=\"slide\" aria-label=\"32 sur 44\"><figure class=\"swiper-slide-inner\"><img decoding=\"async\" class=\"swiper-slide-image\" src=\"https:\/\/hklabo.com\/wp-content\/uploads\/2025\/09\/Logo-RETSCH-22-1.jpg\" alt=\"Logo-RETSCH-22\" \/><\/figure><\/div><div class=\"swiper-slide\" role=\"group\" aria-roledescription=\"slide\" aria-label=\"33 sur 44\"><figure class=\"swiper-slide-inner\"><img decoding=\"async\" class=\"swiper-slide-image\" src=\"https:\/\/hklabo.com\/wp-content\/uploads\/2025\/09\/Logo-SAULAS-22-1.jpg\" alt=\"Logo-SAULAS-22\" \/><\/figure><\/div><div class=\"swiper-slide\" role=\"group\" aria-roledescription=\"slide\" aria-label=\"34 sur 44\"><figure class=\"swiper-slide-inner\"><img decoding=\"async\" class=\"swiper-slide-image\" src=\"https:\/\/hklabo.com\/wp-content\/uploads\/2025\/09\/Logo-SIGMA-22-1.jpg\" alt=\"Logo-SIGMA-22\" \/><\/figure><\/div><div class=\"swiper-slide\" role=\"group\" aria-roledescription=\"slide\" aria-label=\"35 sur 44\"><figure class=\"swiper-slide-inner\"><img decoding=\"async\" class=\"swiper-slide-image\" src=\"https:\/\/hklabo.com\/wp-content\/uploads\/2025\/09\/Logo-SKYRAY-22-1.jpg\" alt=\"Logo-SKYRAY-22\" \/><\/figure><\/div><div class=\"swiper-slide\" role=\"group\" aria-roledescription=\"slide\" aria-label=\"36 sur 44\"><figure class=\"swiper-slide-inner\"><img decoding=\"async\" class=\"swiper-slide-image\" src=\"https:\/\/hklabo.com\/wp-content\/uploads\/2025\/09\/Logo-SLEE-22-1.jpg\" alt=\"Logo-SLEE-22\" \/><\/figure><\/div><div class=\"swiper-slide\" role=\"group\" aria-roledescription=\"slide\" aria-label=\"37 sur 44\"><figure class=\"swiper-slide-inner\"><img decoding=\"async\" class=\"swiper-slide-image\" src=\"https:\/\/hklabo.com\/wp-content\/uploads\/2025\/09\/Logo-TEKNOKROMA-22-1.jpg\" alt=\"Logo-TEKNOKROMA-22\" \/><\/figure><\/div><div class=\"swiper-slide\" role=\"group\" aria-roledescription=\"slide\" aria-label=\"38 sur 44\"><figure class=\"swiper-slide-inner\"><img decoding=\"async\" class=\"swiper-slide-image\" src=\"https:\/\/hklabo.com\/wp-content\/uploads\/2025\/09\/Logo-TESTO-22-1.jpg\" alt=\"Logo-TESTO-22\" \/><\/figure><\/div><div class=\"swiper-slide\" role=\"group\" aria-roledescription=\"slide\" aria-label=\"39 sur 44\"><figure class=\"swiper-slide-inner\"><img decoding=\"async\" class=\"swiper-slide-image\" src=\"https:\/\/hklabo.com\/wp-content\/uploads\/2025\/09\/Logo-THERMOFISHER-22-1.jpg\" alt=\"Logo-THERMOFISHER-22\" \/><\/figure><\/div><div class=\"swiper-slide\" role=\"group\" aria-roledescription=\"slide\" aria-label=\"40 sur 44\"><figure class=\"swiper-slide-inner\"><img decoding=\"async\" class=\"swiper-slide-image\" src=\"https:\/\/hklabo.com\/wp-content\/uploads\/2025\/09\/Logo-TURNERDESIGN-22-1.jpg\" alt=\"Logo-TURNERDESIGN-22\" \/><\/figure><\/div><div class=\"swiper-slide\" role=\"group\" aria-roledescription=\"slide\" aria-label=\"41 sur 44\"><figure class=\"swiper-slide-inner\"><img decoding=\"async\" class=\"swiper-slide-image\" src=\"https:\/\/hklabo.com\/wp-content\/uploads\/2025\/09\/Logo-VELP-22-1.jpg\" alt=\"Logo-VELP-22\" \/><\/figure><\/div><div class=\"swiper-slide\" role=\"group\" aria-roledescription=\"slide\" aria-label=\"42 sur 44\"><figure class=\"swiper-slide-inner\"><img decoding=\"async\" class=\"swiper-slide-image\" src=\"https:\/\/hklabo.com\/wp-content\/uploads\/2025\/09\/Logo-VICI-22-1.jpg\" alt=\"Logo-VICI-22\" \/><\/figure><\/div><div class=\"swiper-slide\" role=\"group\" aria-roledescription=\"slide\" aria-label=\"43 sur 44\"><figure class=\"swiper-slide-inner\"><img decoding=\"async\" class=\"swiper-slide-image\" src=\"https:\/\/hklabo.com\/wp-content\/uploads\/2025\/09\/Logo-WITEC-22-1.jpg\" alt=\"Logo-WITEC-22\" \/><\/figure><\/div><div class=\"swiper-slide\" role=\"group\" aria-roledescription=\"slide\" aria-label=\"44 sur 44\"><figure class=\"swiper-slide-inner\"><img decoding=\"async\" class=\"swiper-slide-image\" src=\"https:\/\/hklabo.com\/wp-content\/uploads\/2025\/09\/Logo-ZEISS-22-1.jpg\" alt=\"Logo-ZEISS-22\" \/><\/figure><\/div>\t\t\t<\/div>\n\t\t\t\t\t\t\t\t\t\t\t\t<div class=\"elementor-swiper-button elementor-swiper-button-prev\" role=\"button\" tabindex=\"0\">\n\t\t\t\t\t\t<svg aria-hidden=\"true\" class=\"e-font-icon-svg e-eicon-chevron-left\" viewBox=\"0 0 1000 1000\" xmlns=\"http:\/\/www.w3.org\/2000\/svg\"><path d=\"M646 125C629 125 613 133 604 142L308 442C296 454 292 471 292 487 292 504 296 521 308 533L604 854C617 867 629 875 646 875 663 875 679 871 692 858 704 846 713 829 713 812 713 796 708 779 692 767L438 487 692 225C700 217 708 204 708 187 708 171 704 154 692 142 675 129 663 125 646 125Z\"><\/path><\/svg>\t\t\t\t\t<\/div>\n\t\t\t\t\t<div class=\"elementor-swiper-button elementor-swiper-button-next\" role=\"button\" tabindex=\"0\">\n\t\t\t\t\t\t<svg aria-hidden=\"true\" class=\"e-font-icon-svg e-eicon-chevron-right\" viewBox=\"0 0 1000 1000\" xmlns=\"http:\/\/www.w3.org\/2000\/svg\"><path d=\"M696 533C708 521 713 504 713 487 713 471 708 454 696 446L400 146C388 133 375 125 354 125 338 125 325 129 313 142 300 154 292 171 292 187 292 204 296 221 308 233L563 492 304 771C292 783 288 800 288 817 288 833 296 850 308 863 321 871 338 875 354 875 371 875 388 867 400 854L696 533Z\"><\/path><\/svg>\t\t\t\t\t<\/div>\n\t\t\t\t\n\t\t\t\t\t\t\t\t\t<div class=\"swiper-pagination\"><\/div>\n\t\t\t\t\t\t\t\t\t<\/div>\n\t\t\t\t\t\t<\/div>\n\t\t\t\t\t<\/div>\n\t\t\t\t<\/div>\n\t\t\t\t<\/div>\n\t\t","protected":false},"excerpt":{"rendered":"<p>&nbsp; Pr\u00e9sentation de HK Labo &nbsp; &#8211; HK Labo est une soci\u00e9t\u00e9 sp\u00e9cialis\u00e9e dans la fourniture de solutions compl\u00e8tes pour les laboratoires, r\u00e9pondant aux besoins des secteurs industriel, scientifique, \u00e9ducatif et de recherche. -Nous proposons une large gamme de produits chimiques, de mat\u00e9riel de laboratoire et de consommables, soigneusement s\u00e9lectionn\u00e9s pour garantir qualit\u00e9, fiabilit\u00e9 et [&hellip;]<\/p>\n","protected":false},"author":1,"featured_media":0,"parent":0,"menu_order":0,"comment_status":"closed","ping_status":"open","template":"","meta":{"footnotes":""},"class_list":["post-3","page","type-page","status-publish","hentry"],"_links":{"self":[{"href":"https:\/\/hklabo.com\/index.php\/wp-json\/wp\/v2\/pages\/3","targetHints":{"allow":["GET"]}}],"collection":[{"href":"https:\/\/hklabo.com\/index.php\/wp-json\/wp\/v2\/pages"}],"about":[{"href":"https:\/\/hklabo.com\/index.php\/wp-json\/wp\/v2\/types\/page"}],"author":[{"embeddable":true,"href":"https:\/\/hklabo.com\/index.php\/wp-json\/wp\/v2\/users\/1"}],"replies":[{"embeddable":true,"href":"https:\/\/hklabo.com\/index.php\/wp-json\/wp\/v2\/comments?post=3"}],"version-history":[{"count":100,"href":"https:\/\/hklabo.com\/index.php\/wp-json\/wp\/v2\/pages\/3\/revisions"}],"predecessor-version":[{"id":1547,"href":"https:\/\/hklabo.com\/index.php\/wp-json\/wp\/v2\/pages\/3\/revisions\/1547"}],"wp:attachment":[{"href":"https:\/\/hklabo.com\/index.php\/wp-json\/wp\/v2\/media?parent=3"}],"curies":[{"name":"wp","href":"https:\/\/api.w.org\/{rel}","templated":true}]}}